{"id":192,"date":"2024-02-08T10:17:38","date_gmt":"2024-02-08T09:17:38","guid":{"rendered":"https:\/\/lotalira-editions.com\/?page_id=192"},"modified":"2026-03-04T13:47:59","modified_gmt":"2026-03-04T12:47:59","slug":"contact","status":"publish","type":"page","link":"https:\/\/lotalira-editions.com\/index.php\/contact\/","title":{"rendered":"Me contacter"},"content":{"rendered":"<p>[et_pb_section fb_built=&#8221;1&#8243; admin_label=&#8221;Header&#8221; _builder_version=&#8221;4.23.4&#8243; _module_preset=&#8221;default&#8221; background_color=&#8221;#0D232D&#8221; background_image=&#8221;http:\/\/lotalira-editions.com\/wp-content\/uploads\/2024\/01\/Tezza-0741-1-scaled.jpg&#8221; parallax=&#8221;on&#8221; overflow-x=&#8221;hidden&#8221; overflow-y=&#8221;hidden&#8221; custom_padding=&#8221;0px||0px||false|false&#8221; collapsed=&#8221;on&#8221; global_colors_info=&#8221;{}&#8221;][et_pb_row column_structure=&#8221;3_5,2_5&#8243; make_equal=&#8221;on&#8221; _builder_version=&#8221;4.17.6&#8243; _module_preset=&#8221;default&#8221; custom_padding=&#8221;0px||0px||false|false&#8221; global_colors_info=&#8221;{}&#8221;][et_pb_column type=&#8221;3_5&#8243; _builder_version=&#8221;4.17.6&#8243; _module_preset=&#8221;default&#8221; custom_padding=&#8221;10%|15%|||false|false&#8221; custom_padding_tablet=&#8221;||||false|false&#8221; custom_padding_phone=&#8221;||||false|false&#8221; custom_padding_last_edited=&#8221;on|tablet&#8221; global_colors_info=&#8221;{}&#8221;][et_pb_text _builder_version=&#8221;4.24.0&#8243; _module_preset=&#8221;c16985e1-e0d6-4022-964d-e2bfc04fa633&#8243; header_font=&#8221;Anton|||on|||||&#8221; header_text_color=&#8221;#AE8F73&#8243; header_font_size=&#8221;100px&#8221; header_line_height=&#8221;1.15em&#8221; transform_scale_tablet=&#8221;&#8221; transform_scale_phone=&#8221;&#8221; transform_scale_last_edited=&#8221;on|phone&#8221; transform_translate_tablet=&#8221;-4px|38px&#8221; transform_translate_phone=&#8221;38px|47px&#8221; transform_translate_last_edited=&#8221;on|phone&#8221; transform_rotate_tablet=&#8221;&#8221; transform_rotate_phone=&#8221;&#8221; transform_rotate_last_edited=&#8221;on|phone&#8221; transform_skew_tablet=&#8221;&#8221; transform_skew_phone=&#8221;&#8221; transform_skew_last_edited=&#8221;on|phone&#8221; transform_origin_tablet=&#8221;&#8221; transform_origin_phone=&#8221;&#8221; transform_origin_last_edited=&#8221;on|phone&#8221; transform_styles_last_edited=&#8221;on|phone&#8221; width=&#8221;140%&#8221; width_tablet=&#8221;100%&#8221; width_phone=&#8221;100%&#8221; width_last_edited=&#8221;on|tablet&#8221; header_font_size_tablet=&#8221;67px&#8221; header_font_size_phone=&#8221;42px&#8221; header_font_size_last_edited=&#8221;on|desktop&#8221; transform_styles_tablet=&#8221;&#8221; transform_styles_phone=&#8221;&#8221; global_colors_info=&#8221;{}&#8221;]<\/p>\n<h1><span style=\"color: #f2f0ec;\">me contacter<\/span><\/h1>\n<p>[\/et_pb_text][et_pb_text _builder_version=&#8221;4.24.0&#8243; _module_preset=&#8221;4827deed-2a92-4d97-a22f-f01067ae6873&#8243; header_font=&#8221;||||||||&#8221; header_4_font=&#8221;Roboto Condensed|700||on|||||&#8221; header_4_text_color=&#8221;#FFFFFF&#8221; header_4_font_size=&#8221;24px&#8221; header_4_line_height=&#8221;1.4em&#8221; transform_scale_tablet=&#8221;&#8221; transform_scale_phone=&#8221;&#8221; transform_scale_last_edited=&#8221;on|phone&#8221; transform_translate_tablet=&#8221;0px|32px&#8221; transform_translate_phone=&#8221;39px|33px&#8221; transform_translate_last_edited=&#8221;on|phone&#8221; transform_rotate_tablet=&#8221;&#8221; transform_rotate_phone=&#8221;&#8221; transform_rotate_last_edited=&#8221;on|phone&#8221; transform_skew_tablet=&#8221;&#8221; transform_skew_phone=&#8221;&#8221; transform_skew_last_edited=&#8221;on|phone&#8221; transform_origin_tablet=&#8221;&#8221; transform_origin_phone=&#8221;&#8221; transform_origin_last_edited=&#8221;on|phone&#8221; transform_styles_last_edited=&#8221;on|phone&#8221; custom_margin=&#8221;||30px||false|false&#8221; header_4_font_size_tablet=&#8221;16px&#8221; header_4_font_size_phone=&#8221;14px&#8221; header_4_font_size_last_edited=&#8221;on|phone&#8221; transform_styles_tablet=&#8221;&#8221; transform_styles_phone=&#8221;&#8221; global_colors_info=&#8221;{}&#8221;]<\/p>\n<h4><span style=\"color: #f2f0ec;\">Lotalira.editions@gmail.com<\/span><\/h4>\n<p>[\/et_pb_text][\/et_pb_column][et_pb_column type=&#8221;2_5&#8243; _builder_version=&#8221;4.17.4&#8243; _module_preset=&#8221;default&#8221; global_colors_info=&#8221;{}&#8221;][\/et_pb_column][\/et_pb_row][\/et_pb_section][et_pb_section fb_built=&#8221;1&#8243; admin_label=&#8221;Contact Form&#8221; _builder_version=&#8221;4.17.4&#8243; _module_preset=&#8221;default&#8221; background_color=&#8221;#F3EEE8&#8243; collapsed=&#8221;on&#8221; global_colors_info=&#8221;{}&#8221;][et_pb_row _builder_version=&#8221;4.17.4&#8243; _module_preset=&#8221;default&#8221; global_colors_info=&#8221;{}&#8221;][et_pb_column type=&#8221;4_4&#8243; _builder_version=&#8221;4.17.4&#8243; _module_preset=&#8221;default&#8221; global_colors_info=&#8221;{}&#8221;][et_pb_text _builder_version=&#8221;4.24.0&#8243; _module_preset=&#8221;b327cbe4-b1d5-4b66-ad37-40c8f2f061ba&#8221; header_2_font=&#8221;Anton|||on|||||&#8221; header_2_text_color=&#8221;#0d232d&#8221; header_2_font_size=&#8221;70px&#8221; header_2_line_height=&#8221;1.15em&#8221; text_orientation=&#8221;center&#8221; header_2_font_size_tablet=&#8221;57px&#8221; header_2_font_size_phone=&#8221;49px&#8221; header_2_font_size_last_edited=&#8221;on|phone&#8221; global_colors_info=&#8221;{}&#8221; custom_margin=&#8221;||27px|||&#8221; min_height=&#8221;55.5px&#8221;]<\/p>\n<h2><span style=\"color: #f29598;\">Formulaire de contact<\/span><\/h2>\n<p>[\/et_pb_text][et_pb_blurb title=&#8221;informations \u00e0 communiquer dans le formulaire de contact :&#8221; icon_placement=&#8221;left&#8221; image_icon_width=&#8221;100px&#8221; content_max_width=&#8221;92%&#8221; title_tablet=&#8221;informations \u00e0 communiquer dans le formulaire de contact :&#8221; title_phone=&#8221;informations \u00e0 communiquer dans le formulaire de contact :&#8221; title_last_edited=&#8221;on|phone&#8221; image_icon_width_tablet=&#8221;120px&#8221; image_icon_width_phone=&#8221;80px&#8221; image_icon_width_last_edited=&#8221;on|phone&#8221; content_tablet=&#8221;<\/p>\n<p class=%22p1%22><strong>Titre de projet<\/strong> (s&#8217;il y a) ; <strong>genre<\/strong> ; <strong>th\u00e9matique\u00b7s<\/strong> ; <strong>avancement du projet<\/strong> (en cours d&#8217;\u00e9criture ou termin\u00e9) ; <strong>nombre de mots \u00e9crits<\/strong> ; <strong>r\u00e9sum\u00e9 court<\/strong> ; <strong>synopsis<\/strong>\/<strong>r\u00e9sum\u00e9 long<\/strong> (qui d\u00e9voile <strong>tous<\/strong> les \u00e9l\u00e9ments de l&#8217;intrigue).<br \/>Pr\u00e9parez d\u00e9j\u00e0 <strong>quelques extraits<\/strong> \u00e0 m&#8217;envoyer lorsque je r\u00e9pondrai \u00e0 votre demande. Il est d&#8217;ailleurs possible de m&#8217;envoyer le r\u00e9sum\u00e9 d\u00e9taill\u00e9 \u00e0 ce moment-l\u00e0 si vous l&#8217;avez r\u00e9dig\u00e9 sur un document de traitement de texte.<\/p>\n<p class=%22p1%22>En cas de maintenance du formulaire, vous pouvez m&#8217;envoyer les diff\u00e9rents \u00e9l\u00e9ments sur <strong>lotalira.editions@gmail.com<\/strong><\/p>\n<p class=%22p1%22>\n<p>&#8221; content_phone=&#8221;<\/p>\n<p class=%22p1%22 style=%22text-align: center;%22><strong>Titre de projet<\/strong> (s&#8217;il y a) ; <strong>genre<\/strong> ; <strong>th\u00e9matique\u00b7s<\/strong> ; <strong>avancement du projet<\/strong> (en cours d&#8217;\u00e9criture ou termin\u00e9) ; <strong>nombre de mots \u00e9crits<\/strong> ; <strong>r\u00e9sum\u00e9 court<\/strong> ; <strong>synopsis<\/strong>\/<strong>r\u00e9sum\u00e9 long<\/strong> (qui d\u00e9voile <strong>tous<\/strong> les \u00e9l\u00e9ments de l&#8217;intrigue).<br \/>Pr\u00e9parez d\u00e9j\u00e0 <strong>quelques extraits<\/strong> \u00e0 m&#8217;envoyer lorsque je r\u00e9pondrai \u00e0 votre demande. Il est d&#8217;ailleurs possible de m&#8217;envoyer le r\u00e9sum\u00e9 d\u00e9taill\u00e9 \u00e0 ce moment-l\u00e0 si vous l&#8217;avez r\u00e9dig\u00e9 sur un document de traitement de texte.<\/p>\n<p class=%22p1%22 style=%22text-align: center;%22>En cas de maintenance du formulaire, vous pouvez m&#8217;envoyer les diff\u00e9rents \u00e9l\u00e9ments sur <strong>lotalira.editions@gmail.com<\/strong><\/p>\n<p>&#8221; content_last_edited=&#8221;on|phone&#8221; _builder_version=&#8221;4.26.0&#8243; _module_preset=&#8221;4d778d3d-b21d-4b19-8130-9b91c3e01747&#8243; header_font=&#8221;Roboto Condensed|700||on|||||&#8221; header_text_align=&#8221;center&#8221; header_text_color=&#8221;rgba(0,0,0,0.5)&#8221; header_font_size=&#8221;16px&#8221; header_line_height=&#8221;1.4em&#8221; body_font=&#8221;Raleway||||||||&#8221; body_text_align=&#8221;justify&#8221; body_text_color=&#8221;rgba(0,0,0,0.5)&#8221; body_line_height=&#8221;1.65em&#8221; background_color=&#8221;RGBA(255,255,255,0)&#8221; transform_scale_tablet=&#8221;&#8221; transform_scale_phone=&#8221;&#8221; transform_scale_last_edited=&#8221;on|desktop&#8221; transform_translate=&#8221;-4px|-24px&#8221; transform_translate_tablet=&#8221;-4px|-4px&#8221; transform_translate_phone=&#8221;-4px|-8px&#8221; transform_translate_last_edited=&#8221;on|tablet&#8221; transform_rotate_tablet=&#8221;&#8221; transform_rotate_phone=&#8221;&#8221; transform_rotate_last_edited=&#8221;on|desktop&#8221; transform_skew_tablet=&#8221;&#8221; transform_skew_phone=&#8221;&#8221; transform_skew_last_edited=&#8221;on|desktop&#8221; transform_origin_tablet=&#8221;&#8221; transform_origin_phone=&#8221;&#8221; transform_origin_last_edited=&#8221;on|desktop&#8221; transform_styles_last_edited=&#8221;on|tablet&#8221; min_height=&#8221;139px&#8221; custom_padding=&#8221;16px||0px||false|false&#8221; custom_padding_tablet=&#8221;16px||0px||false|false&#8221; custom_padding_phone=&#8221;16px|11px|16px||false|false&#8221; custom_padding_last_edited=&#8221;on|tablet&#8221; animation=&#8221;off&#8221; header_font_size_tablet=&#8221;16px&#8221; header_font_size_phone=&#8221;14px&#8221; header_font_size_last_edited=&#8221;on|phone&#8221; transform_styles_tablet=&#8221;&#8221; transform_styles_phone=&#8221;&#8221; border_radii=&#8221;on|20px|20px|20px|20px&#8221; border_width_all=&#8221;2px&#8221; border_color_all=&#8221;#f29598&#8243; locked=&#8221;off&#8221; inline_fonts=&#8221;Roboto&#8221; global_colors_info=&#8221;{}&#8221; custom_margin=&#8221;12px|||||&#8221;]<\/p>\n<p>\u2022 Titre du projet (s&#8217;il y a) :<br \/>\u2022 Genre :<br \/>\u2022 Th\u00e9matique\u00b7s :<br \/>\u2022 Nombre de tomes :<br \/>\u2022 Avancement du projet (en cours d&#8217;\u00e9criture ou termin\u00e9) : <br \/>\u2022 Nombre de mots \u00e9crits :<br \/>\u2022 R\u00e9sum\u00e9 court :<br \/>\u2022 Synopsis (qui d\u00e9voile tous les \u00e9l\u00e9ments de l&#8217;intrigue) :<\/p>\n<p>Pr\u00e9parez d\u00e9j\u00e0 quelques extraits \u00e0 m&#8217;envoyer lorsque je r\u00e9pondrai \u00e0 votre demande. Il est d&#8217;ailleurs possible de m&#8217;envoyer le synopsis \u00e0 ce moment-l\u00e0 si vous l&#8217;avez r\u00e9dig\u00e9 sur un document de traitement de texte.<\/p>\n<p>En cas de maintenance du formulaire de contact (si aucun message de validation ne s&#8217;affiche), vous pouvez me contacter directement par mail : <strong>lotalira.editions@gmail.com<\/strong><\/p>\n<p class=\"p1\" style=\"text-align: justify;\">\n<p>[\/et_pb_blurb][et_pb_contact_form email=&#8221;lotalira.editions@gmail.com&#8221; success_message=&#8221;Merci pour votre message. Nous reviendrons vers vous d\u00e9s que possible.&#8221; submit_button_text=&#8221;ENVOYER&#8221; _builder_version=&#8221;4.27.5&#8243; _module_preset=&#8221;default&#8221; _unique_id=&#8221;70f207e9-f8b1-453c-bbad-9202a65dd53d&#8221; form_field_background_color=&#8221;rgba(255,255,255,0.02)&#8221; form_field_text_color=&#8221;#f29598&#8243; title_font=&#8221;&#8211;et_global_body_font||||||||&#8221; custom_button=&#8221;on&#8221; button_text_size=&#8221;14px&#8221; button_text_color=&#8221;#f29598&#8243; button_border_color=&#8221;#f29598&#8243; button_border_radius=&#8221;8px&#8221; button_letter_spacing=&#8221;3px&#8221; button_font=&#8221;|700|||||||&#8221; border_radii=&#8221;on|14px|14px|14px|14px&#8221; border_width_all=&#8221;2px&#8221; border_color_all=&#8221;#f29598&#8243; global_colors_info=&#8221;{}&#8221;][et_pb_contact_field field_id=&#8221;Nom&#8221; field_title=&#8221;Nom&#8221; min_length=&#8221;3&#8243; max_length=&#8221;21&#8243; allowed_symbols=&#8221;letters&#8221; _builder_version=&#8221;4.27.4&#8243; border_radii=&#8221;on|14px|14px|14px|14px&#8221; border_width_all=&#8221;2px&#8221; border_color_all=&#8221;#f29598&#8243; global_colors_info=&#8221;{}&#8221; button_text_size__hover_enabled=&#8221;off&#8221; button_one_text_size__hover_enabled=&#8221;off&#8221; button_two_text_size__hover_enabled=&#8221;off&#8221; button_text_color__hover_enabled=&#8221;off&#8221; button_one_text_color__hover_enabled=&#8221;off&#8221; button_two_text_color__hover_enabled=&#8221;off&#8221; button_border_width__hover_enabled=&#8221;off&#8221; button_one_border_width__hover_enabled=&#8221;off&#8221; button_two_border_width__hover_enabled=&#8221;off&#8221; button_border_color__hover_enabled=&#8221;off&#8221; button_one_border_color__hover_enabled=&#8221;off&#8221; button_two_border_color__hover_enabled=&#8221;off&#8221; button_border_radius__hover_enabled=&#8221;off&#8221; button_one_border_radius__hover_enabled=&#8221;off&#8221; button_two_border_radius__hover_enabled=&#8221;off&#8221; button_letter_spacing__hover_enabled=&#8221;off&#8221; button_one_letter_spacing__hover_enabled=&#8221;off&#8221; button_two_letter_spacing__hover_enabled=&#8221;off&#8221; button_bg_color__hover_enabled=&#8221;off&#8221; button_one_bg_color__hover_enabled=&#8221;off&#8221; button_two_bg_color__hover_enabled=&#8221;off&#8221;][\/et_pb_contact_field][et_pb_contact_field field_id=&#8221;Email&#8221; field_title=&#8221;Adresse e-mail&#8221; field_type=&#8221;email&#8221; _builder_version=&#8221;4.27.4&#8243; border_radii=&#8221;on|14px|14px|14px|14px&#8221; border_width_all=&#8221;2px&#8221; border_color_all=&#8221;#f29598&#8243; global_colors_info=&#8221;{}&#8221; button_text_size__hover_enabled=&#8221;off&#8221; button_one_text_size__hover_enabled=&#8221;off&#8221; button_two_text_size__hover_enabled=&#8221;off&#8221; button_text_color__hover_enabled=&#8221;off&#8221; button_one_text_color__hover_enabled=&#8221;off&#8221; button_two_text_color__hover_enabled=&#8221;off&#8221; button_border_width__hover_enabled=&#8221;off&#8221; button_one_border_width__hover_enabled=&#8221;off&#8221; button_two_border_width__hover_enabled=&#8221;off&#8221; button_border_color__hover_enabled=&#8221;off&#8221; button_one_border_color__hover_enabled=&#8221;off&#8221; button_two_border_color__hover_enabled=&#8221;off&#8221; button_border_radius__hover_enabled=&#8221;off&#8221; button_one_border_radius__hover_enabled=&#8221;off&#8221; button_two_border_radius__hover_enabled=&#8221;off&#8221; button_letter_spacing__hover_enabled=&#8221;off&#8221; button_one_letter_spacing__hover_enabled=&#8221;off&#8221; button_two_letter_spacing__hover_enabled=&#8221;off&#8221; button_bg_color__hover_enabled=&#8221;off&#8221; button_one_bg_color__hover_enabled=&#8221;off&#8221; button_two_bg_color__hover_enabled=&#8221;off&#8221;][\/et_pb_contact_field][et_pb_contact_field field_id=&#8221;Objet&#8221; field_title=&#8221;Objet&#8221; min_length=&#8221;7&#8243; max_length=&#8221;42&#8243; fullwidth_field=&#8221;on&#8221; _builder_version=&#8221;4.27.4&#8243; _module_preset=&#8221;default&#8221; border_radii=&#8221;on|14px|14px|14px|14px&#8221; border_width_all=&#8221;2px&#8221; border_color_all=&#8221;#f29598&#8243; global_colors_info=&#8221;{}&#8221;][\/et_pb_contact_field][et_pb_contact_field field_id=&#8221;Message&#8221; field_title=&#8221;Message&#8221; field_type=&#8221;text&#8221; fullwidth_field=&#8221;on&#8221; _builder_version=&#8221;4.27.4&#8243; border_radii=&#8221;on|14px|14px|14px|14px&#8221; border_width_all=&#8221;2px&#8221; border_color_all=&#8221;#f29598&#8243; global_colors_info=&#8221;{}&#8221; button_text_size__hover_enabled=&#8221;off&#8221; button_one_text_size__hover_enabled=&#8221;off&#8221; button_two_text_size__hover_enabled=&#8221;off&#8221; button_text_color__hover_enabled=&#8221;off&#8221; button_one_text_color__hover_enabled=&#8221;off&#8221; button_two_text_color__hover_enabled=&#8221;off&#8221; button_border_width__hover_enabled=&#8221;off&#8221; button_one_border_width__hover_enabled=&#8221;off&#8221; button_two_border_width__hover_enabled=&#8221;off&#8221; button_border_color__hover_enabled=&#8221;off&#8221; button_one_border_color__hover_enabled=&#8221;off&#8221; button_two_border_color__hover_enabled=&#8221;off&#8221; button_border_radius__hover_enabled=&#8221;off&#8221; button_one_border_radius__hover_enabled=&#8221;off&#8221; button_two_border_radius__hover_enabled=&#8221;off&#8221; button_letter_spacing__hover_enabled=&#8221;off&#8221; button_one_letter_spacing__hover_enabled=&#8221;off&#8221; button_two_letter_spacing__hover_enabled=&#8221;off&#8221; button_bg_color__hover_enabled=&#8221;off&#8221; button_one_bg_color__hover_enabled=&#8221;off&#8221; button_two_bg_color__hover_enabled=&#8221;off&#8221;][\/et_pb_contact_field][\/et_pb_contact_form][\/et_pb_column][\/et_pb_row][\/et_pb_section]<\/p>\n","protected":false},"excerpt":{"rendered":"<p>me contacterLotalira.editions@gmail.comFormulaire de contact\u2022 Titre du projet (s&#8217;il y a) :\u2022 Genre :\u2022 Th\u00e9matique\u00b7s :\u2022 Nombre de tomes :\u2022 Avancement du projet (en cours d&#8217;\u00e9criture ou termin\u00e9) : \u2022 Nombre de mots \u00e9crits :\u2022 R\u00e9sum\u00e9 court :\u2022 Synopsis (qui d\u00e9voile tous les \u00e9l\u00e9ments de l&#8217;intrigue) : Pr\u00e9parez d\u00e9j\u00e0 quelques extraits \u00e0 m&#8217;envoyer lorsque je r\u00e9pondrai [&hellip;]<\/p>\n","protected":false},"author":1,"featured_media":0,"parent":0,"menu_order":0,"comment_status":"closed","ping_status":"closed","template":"","meta":{"_et_pb_use_builder":"on","_et_pb_old_content":"","_et_gb_content_width":"","_uf_show_specific_survey":0,"_uf_disable_surveys":false,"footnotes":""},"class_list":["post-192","page","type-page","status-publish","hentry"],"aioseo_notices":[],"_links":{"self":[{"href":"https:\/\/lotalira-editions.com\/index.php\/wp-json\/wp\/v2\/pages\/192","targetHints":{"allow":["GET"]}}],"collection":[{"href":"https:\/\/lotalira-editions.com\/index.php\/wp-json\/wp\/v2\/pages"}],"about":[{"href":"https:\/\/lotalira-editions.com\/index.php\/wp-json\/wp\/v2\/types\/page"}],"author":[{"embeddable":true,"href":"https:\/\/lotalira-editions.com\/index.php\/wp-json\/wp\/v2\/users\/1"}],"replies":[{"embeddable":true,"href":"https:\/\/lotalira-editions.com\/index.php\/wp-json\/wp\/v2\/comments?post=192"}],"version-history":[{"count":28,"href":"https:\/\/lotalira-editions.com\/index.php\/wp-json\/wp\/v2\/pages\/192\/revisions"}],"predecessor-version":[{"id":1334,"href":"https:\/\/lotalira-editions.com\/index.php\/wp-json\/wp\/v2\/pages\/192\/revisions\/1334"}],"wp:attachment":[{"href":"https:\/\/lotalira-editions.com\/index.php\/wp-json\/wp\/v2\/media?parent=192"}],"curies":[{"name":"wp","href":"https:\/\/api.w.org\/{rel}","templated":true}]}}